{"id":11186,"date":"2021-10-11T13:05:45","date_gmt":"2021-10-11T11:05:45","guid":{"rendered":"https:\/\/staging.rg-racing-sp.com\/home2\/"},"modified":"2026-05-01T12:00:16","modified_gmt":"2026-05-01T10:00:16","slug":"home2","status":"publish","type":"page","link":"https:\/\/staging.rg-racing-sp.com\/en\/","title":{"rendered":"home2"},"content":{"rendered":"<div id=\"fb-root\"><\/div>\n<h1>OPZIONI POSSIBILI<\/h1>\n<h1>I NOSTRI SERVIZI<\/h1>\n<p>\t\t\t\t<a href=\"https:\/\/www.rg-racing-sp.com\/it\/stuetzpunkte\/\" tabindex=\"-1\" aria-label=\"TROVA UNA SEDE\"><br \/>\n\t\t\t\t\t\t\t\t<\/a><\/p>\n<h2>\n\t\t\t\t\t\t<a href=\"https:\/\/www.rg-racing-sp.com\/it\/stuetzpunkte\/\" ><br \/>\n\t\t\t\t\t\t\tTROVA UNA SEDE\t\t\t\t\t\t<\/a><br \/>\n\t\t\t\t\t<\/h2>\n<p>\n\t\t\t\t\t\tSei interessato a uno dei nostri prodotti?<br \/>\nQui trovi i nostri punti di vendit\u00e0!\t\t\t\t\t<\/p>\n<p>\t\t\t\t<a href=\"https:\/\/www.rg-racing-sp.com\/it\/garantie\/\" tabindex=\"-1\" aria-label=\"GARANZIA TUNING\"><br \/>\n\t\t\t\t\t\t\t\t<\/a><\/p>\n<h2>\n\t\t\t\t\t\t<a href=\"https:\/\/www.rg-racing-sp.com\/it\/garantie\/\" ><br \/>\n\t\t\t\t\t\t\tGARANZIA TUNING\t\t\t\t\t\t<\/a><br \/>\n\t\t\t\t\t<\/h2>\n<p>\n\t\t\t\t\t\tGARANZIA solo sul software? <br \/>Non da noi!<br \/>L&#8217;affidabilit\u00e0 dei nostri Software ci permette di offrire ai clienti una garanzia opzionale di motore!\t\t\t\t\t<\/p>\n<p>\t\t\t\t<a href=\"https:\/\/shop.rg-racing-sp.com\/it\" target=\"_blank\" tabindex=\"-1\" aria-label=\"ONLINE SHOP\"><br \/>\n\t\t\t\t\t\t\t\t<\/a><\/p>\n<h2>\n\t\t\t\t\t\t<a href=\"https:\/\/shop.rg-racing-sp.com\/it\" target=\"_blank\" ><br \/>\n\t\t\t\t\t\t\tONLINE SHOP\t\t\t\t\t\t<\/a><br \/>\n\t\t\t\t\t<\/h2>\n<p>\n\t\t\t\t\t\tIl nostro shop \u00e8 in fase di ultimazione, ma gi\u00e0 da adesso trovate diversi prodotti innovativi!\t\t\t\t\t<\/p>\n<p>\t\t\t\t<a href=\"https:\/\/www.rg-racing-sp.com\/it\/partner-werden\/\" tabindex=\"-1\" aria-label=\"FRANCHISING\"><br \/>\n\t\t\t\t\t\t\t\t<\/a><\/p>\n<h2>\n\t\t\t\t\t\t<a href=\"https:\/\/www.rg-racing-sp.com\/it\/partner-werden\/\" ><br \/>\n\t\t\t\t\t\t\tFRANCHISING\t\t\t\t\t\t<\/a><br \/>\n\t\t\t\t\t<\/h2>\n<p>\n\t\t\t\t\t\tSei interessato a collaborare con noi? Sei un&#8217; officina o hai un negozio di ricambi e vorresti offrire ai tuoi clienti il servizio di mappatura? <br \/>Contattaci<\/p>\n<\/p>\n<p>\t\t\t\t<a href=\"https:\/\/www.facebook.com\/pg\/rgracingsp\/reviews\/\" tabindex=\"-1\" aria-label=\"COSA PENSANO DI NOI\"><br \/>\n\t\t\t\t\t\t\t\t<\/a><\/p>\n<h2>\n\t\t\t\t\t\t<a href=\"https:\/\/www.facebook.com\/pg\/rgracingsp\/reviews\/\" ><br \/>\n\t\t\t\t\t\t\tCOSA PENSANO DI NOI\t\t\t\t\t\t<\/a><br \/>\n\t\t\t\t\t<\/h2>\n<p>\n\t\t\t\t\t\tEcco cosa pensano i nostri clienti di noi e dei nostri lavori!\t\t\t\t\t<\/p>\n<p>\t\t\t\t<a href=\"https:\/\/www.drive-elements.com\/\" target=\"_blank\" tabindex=\"-1\" aria-label=\"DRIVE ELEMENTS\"><br \/>\n\t\t\t\t\t\t\t\t<\/a><\/p>\n<h2>\n\t\t\t\t\t\t<a href=\"https:\/\/www.drive-elements.com\/\" target=\"_blank\" ><br \/>\n\t\t\t\t\t\t\tDRIVE ELEMENTS\t\t\t\t\t\t<\/a><br \/>\n\t\t\t\t\t<\/h2>\n<p>\n\t\t\t\t\t\tGuida con noi sulle strade pi\u00f9 belle delle Dolomiti! Senza traffico, senza autostrada e senza<br \/>\nsuperelevate, ma in cambio curve e giri senza limiti \u2013 questo sono le<br \/>\nDolomiti!\t\t\t\t\t<\/p>\n","protected":false},"excerpt":{"rendered":"<p>OPZIONI POSSIBILI I NOSTRI SERVIZI TROVA UNA SEDE Sei interessato a uno dei nostri prodotti? Qui trovi i nostri punti di vendit\u00e0! GARANZIA TUNING GARANZIA solo sul software? Non da noi!L&#8217;affidabilit\u00e0 dei nostri Software ci permette di offrire ai clienti una garanzia opzionale di motore! ONLINE SHOP Il nostro shop \u00e8 in fase di ultimazione,<a href=\"https:\/\/staging.rg-racing-sp.com\/en\/\">[&#8230;]<\/a><\/p>\n","protected":false},"author":13,"featured_media":0,"parent":0,"menu_order":0,"comment_status":"closed","ping_status":"closed","template":"elementor_header_footer","meta":{"_acf_changed":false,"footnotes":""},"class_list":["post-11186","page","type-page","status-publish","hentry"],"acf":[],"_links":{"self":[{"href":"https:\/\/staging.rg-racing-sp.com\/en\/wp-json\/wp\/v2\/pages\/11186","targetHints":{"allow":["GET"]}}],"collection":[{"href":"https:\/\/staging.rg-racing-sp.com\/en\/wp-json\/wp\/v2\/pages"}],"about":[{"href":"https:\/\/staging.rg-racing-sp.com\/en\/wp-json\/wp\/v2\/types\/page"}],"author":[{"embeddable":true,"href":"https:\/\/staging.rg-racing-sp.com\/en\/wp-json\/wp\/v2\/users\/13"}],"replies":[{"embeddable":true,"href":"https:\/\/staging.rg-racing-sp.com\/en\/wp-json\/wp\/v2\/comments?post=11186"}],"version-history":[{"count":49,"href":"https:\/\/staging.rg-racing-sp.com\/en\/wp-json\/wp\/v2\/pages\/11186\/revisions"}],"predecessor-version":[{"id":11373,"href":"https:\/\/staging.rg-racing-sp.com\/en\/wp-json\/wp\/v2\/pages\/11186\/revisions\/11373"}],"wp:attachment":[{"href":"https:\/\/staging.rg-racing-sp.com\/en\/wp-json\/wp\/v2\/media?parent=11186"}],"curies":[{"name":"wp","href":"https:\/\/api.w.org\/{rel}","templated":true}]}}