{"id":11181,"date":"2016-04-27T23:30:54","date_gmt":"2016-04-27T21:30:54","guid":{"rendered":"https:\/\/staging.rg-racing-sp.com\/agb\/"},"modified":"2016-04-27T23:30:54","modified_gmt":"2016-04-27T21:30:54","slug":"agb","status":"publish","type":"page","link":"https:\/\/staging.rg-racing-sp.com\/it\/agb\/","title":{"rendered":"AGB"},"content":{"rendered":"<div id=\"fb-root\"><\/div>\n<p>Condizioni Generali (CG)<\/p>\n<p>1. Tedicad GmbH garantisce l&#8217;esecuzione accurata dei lavori svolti, nonch\u00e9 il perfetto funzionamento della centralina modificata e dei componenti installati dall&#8217;azienda. Offre una garanzia di due anni sulle EPROM utilizzate, sulle saldature e sul software.<\/p>\n<p>Ti assumi la piena responsabilit\u00e0 per i lavori richiesti. Di conseguenza, sono espressamente esclusi tutti gli altri reclami \u2014 in particolare per quanto riguarda i danni conseguenti alla centralina, al motore, ai componenti della trasmissione, al cambio, ecc., cos\u00ec come i relativi costi di smontaggio e montaggio.<\/p>\n<p>Le richieste di garanzia ai sensi del paragrafo 1 saranno soddisfatte tramite sostituzione o riparazione gratuita, effettuate da Tedicad GmbH.<\/p>\n<p>La garanzia decade in caso di interventi da parte di terzi sul sistema di gestione del motore, o qualsiasi altra manipolazione della centralina o di altre parti del veicolo.<\/p>\n<p>2. Riconosci che i lavori eseguiti da Tedicad GmbH possono comportare la perdita della garanzia di fabbrica e di altri diritti di garanzia. Ti assumi la piena responsabilit\u00e0 per questa conseguenza.<\/p>\n<p>3. Salvo diversa indicazione espressa, i lavori eseguiti da Tedicad GmbH (che comportano un aumento di potenza fino al 20%) sono idonei all&#8217;omologazione stradale in Svizzera. \u00c8 tua esclusiva responsabilit\u00e0 segnalare tali modifiche all&#8217;autorit\u00e0 competente per l&#8217;immatricolazione dei veicoli e sottoporre il veicolo a ispezione a tue spese.<\/p>\n<p>Gli aumenti di potenza superiori al 20% rispetto alla potenza nominale ufficiale vengono eseguiti esclusivamente a tuo rischio e sono destinati unicamente all&#8217;esportazione o a scopi agonistici.<\/p>\n<p>Ai sensi dell&#8217;art. 34 comma 2 della OETV (Ordinanza concernente le esigenze tecniche per i veicoli stradali), i veicoli modificati devono essere sottoposti a una nuova ispezione prima di essere nuovamente utilizzati.<\/p>\n<p>4. Tutte le pretese contrattuali e\/o extracontrattuali avanzate nei confronti di Tedicad GmbH \u2014 nella misura in cui superano l&#8217;ambito della garanzia di cui alla clausola 2 \u2014 sono, per quanto legalmente consentito, completamente ed interamente escluse. Ti impegni a dichiarare i lavori eseguiti da Tedicad GmbH in caso di successiva rivendita del veicolo. 5. Tutti i dati tecnici e le informazioni generali fornite da Tedicad GmbH \u2014 sia online, in brochure, ecc. \u2014 non costituiscono caratteristiche garantite o assicurate, ma servono esclusivamente come valori di riferimento che possono variare a seconda del chilometraggio, del tipo di carburante e delle condizioni ambientali. Con riserva di modifiche tecniche.<\/p>\n","protected":false},"excerpt":{"rendered":"<p>Condizioni Generali (CG) 1. Tedicad GmbH garantisce l&#8217;esecuzione accurata dei lavori svolti, nonch\u00e9 il perfetto funzionamento della centralina modificata e dei componenti installati dall&#8217;azienda. Offre una garanzia di due anni sulle EPROM utilizzate, sulle saldature e sul software. Ti assumi la piena responsabilit\u00e0 per i lavori richiesti. Di conseguenza, sono espressamente esclusi tutti gli altri<a href=\"https:\/\/staging.rg-racing-sp.com\/it\/agb\/\">[&#8230;]<\/a><\/p>\n","protected":false},"author":13,"featured_media":0,"parent":0,"menu_order":0,"comment_status":"closed","ping_status":"closed","template":"rg-template-fullwidth.php","meta":{"_acf_changed":false,"footnotes":""},"class_list":["post-11181","page","type-page","status-publish","hentry"],"acf":[],"_links":{"self":[{"href":"https:\/\/staging.rg-racing-sp.com\/it\/wp-json\/wp\/v2\/pages\/11181","targetHints":{"allow":["GET"]}}],"collection":[{"href":"https:\/\/staging.rg-racing-sp.com\/it\/wp-json\/wp\/v2\/pages"}],"about":[{"href":"https:\/\/staging.rg-racing-sp.com\/it\/wp-json\/wp\/v2\/types\/page"}],"author":[{"embeddable":true,"href":"https:\/\/staging.rg-racing-sp.com\/it\/wp-json\/wp\/v2\/users\/13"}],"replies":[{"embeddable":true,"href":"https:\/\/staging.rg-racing-sp.com\/it\/wp-json\/wp\/v2\/comments?post=11181"}],"version-history":[{"count":0,"href":"https:\/\/staging.rg-racing-sp.com\/it\/wp-json\/wp\/v2\/pages\/11181\/revisions"}],"wp:attachment":[{"href":"https:\/\/staging.rg-racing-sp.com\/it\/wp-json\/wp\/v2\/media?parent=11181"}],"curies":[{"name":"wp","href":"https:\/\/api.w.org\/{rel}","templated":true}]}}